{"id":726,"date":"2015-06-01T08:22:34","date_gmt":"2015-06-01T07:22:34","guid":{"rendered":"http:\/\/www.terres-et-seigneurs-en-donziais.fr\/?page_id=726"},"modified":"2022-02-06T11:06:08","modified_gmt":"2022-02-06T10:06:08","slug":"chatellenie-de-saint-sauveur-2","status":"publish","type":"page","link":"http:\/\/www.terres-et-seigneurs-en-donziais.fr\/?page_id=726","title":{"rendered":"Ch\u00e2tellenie de Saint-Sauveur"},"content":{"rendered":"<p><strong><span style=\"font-size: 18px;\"><span style=\"color: #0000cd;\">Ci-dessous la liste des fiefs \u00e9tudi\u00e9s, class\u00e9s par commune\u00a0:\u00a0<\/span><\/span><\/strong><\/p>\n<p><span style=\"color: #0000cd;\"><span style=\"font-size: 16px;\">&#8211; <strong>Saint-Sauveur (en Puisaye)<\/strong><\/span><\/span><\/p>\n<p><span style=\"color: #0000cd;\"><span style=\"font-size: 16px;\">\u00a0\u00a0 <\/span><\/span><strong><em><span style=\"color: #ff0000;\"><span style=\"font-size: 16px;\">\u00a0* <a href=\"http:\/\/www.terres-et-seigneurs-en-donziais.fr\/?p=787\">Saint-Sauveu<\/a>r<\/span><\/span><\/em><\/strong><\/p>\n<p><a href=\"http:\/\/www.terres-et-seigneurs-en-donziais.fr\/?p=7816\" target=\"_blank\" rel=\"noopener\"><strong><em>* Les Barres<\/em><\/strong><\/a><\/p>\n<p><span style=\"color: #0000cd;\"><span style=\"font-size: 16px;\">&#8211; <strong>Lainsecq<\/strong><\/span><\/span><\/p>\n<p><span style=\"color: #0000cd;\"><span style=\"font-size: 16px;\">\u00a0\u00a0 \u00a0<\/span><\/span><strong><em><span style=\"color: #ff0000;\"><span style=\"font-size: 16px;\">* <a href=\"http:\/\/www.terres-et-seigneurs-en-donziais.fr\/?p=689\">Beauvais<\/a><\/span><\/span><\/em><\/strong><\/p>\n<p><strong><em><span style=\"color: #ff0000;\"><span style=\"font-size: 16px;\">\u00a0\u00a0 \u00a0* <a href=\"http:\/\/www.terres-et-seigneurs-en-donziais.fr\/?p=5595\" target=\"_blank\" rel=\"noopener\">Montrepar\u00e9<\/a><\/span><\/span><\/em><\/strong><\/p>\n<p><span style=\"color: #0000cd;\"><strong><span style=\"font-size: 16px;\">&#8211; Saints-en-Puisaye<\/span><\/strong><\/span><\/p>\n<p><strong><em><span style=\"color: #ff0000;\"><span style=\"font-size: 16px;\">\u00a0\u00a0 \u00a0* <a href=\"http:\/\/www.terres-et-seigneurs-en-donziais.fr\/?p=3362\">Rivi\u00e8re<\/a><\/span><\/span><\/em><\/strong><\/p>\n<p><span style=\"color: #0000cd;\"><span style=\"font-size: 16px;\">&#8211; <strong>Treigny<\/strong><\/span><\/span><\/p>\n<p><span style=\"color: #0000cd;\"><span style=\"font-size: 16px;\">\u00a0\u00a0 \u00a0<\/span><\/span><span style=\"color: #ff0000;\"><span style=\"font-size: 16px;\"><strong><em>* <a href=\"http:\/\/www.terres-et-seigneurs-en-donziais.fr\/?p=772\">Boutissaint<\/a><\/em><\/strong><\/span><\/span><\/p>\n<p><span style=\"color: #ff0000;\"><strong><em><span style=\"font-size: 16px;\">\u00a0\u00a0 \u00a0* <a href=\"http:\/\/www.terres-et-seigneurs-en-donziais.fr\/?p=94\">La Bussi\u00e8re<\/a><\/span><\/em><\/strong><\/span><\/p>\n<p><span style=\"color: #ff0000;\"><strong><em><span style=\"font-size: 16px;\">\u00a0 \u00a0 * <a href=\"http:\/\/www.terres-et-seigneurs-en-donziais.fr\/?p=3288\">La Cour-des-Pr\u00e9s<\/a><\/span><\/em><\/strong><\/span><\/p>\n<p><span style=\"color: #ff0000;\"><strong><em><span style=\"font-size: 16px;\">\u00a0\u00a0 \u00a0* <a href=\"http:\/\/www.terres-et-seigneurs-en-donziais.fr\/?p=78\">Guerchy<\/a><\/span><\/em><\/strong><\/span><\/p>\n<p><span style=\"color: #ff0000;\"><strong><em><span style=\"font-size: 16px;\">\u00a0\u00a0 \u00a0* <a href=\"http:\/\/www.terres-et-seigneurs-en-donziais.fr\/?p=96\">Ratilly<\/a><\/span><\/em><\/strong><\/span><\/p>\n<p><span style=\"color: #ff0000;\"><strong><em><span style=\"font-size: 16px;\">\u00a0 \u00a0* <a href=\"http:\/\/www.terres-et-seigneurs-en-donziais.fr\/?p=1532\">La Bru\u00e8re<\/a><\/span><\/em><\/strong><\/span><\/p>\n<p><span style=\"color: #ff0000;\"><strong><em><span style=\"font-size: 16px;\">\u00a0\u00a0 \u00a0* <a href=\"http:\/\/www.terres-et-seigneurs-en-donziais.fr\/?p=4587\" target=\"_blank\" rel=\"noopener\">Perchin<\/a><\/span><\/em><\/strong><\/span><\/p>\n<p><span style=\"color: #0000cd;\"><span style=\"font-size: 16px;\">&#8211; <strong>Fontenoy<\/strong><\/span><\/span><\/p>\n<p><span style=\"color: #0000cd;\"><span style=\"font-size: 16px;\">\u00a0\u00a0 \u00a0<\/span><\/span><strong><em><span style=\"color: #ff0000;\"><span style=\"font-size: 16px;\">* <a href=\"http:\/\/www.terres-et-seigneurs-en-donziais.fr\/?p=116\">Le Tremblay<\/a><\/span><\/span><\/em><\/strong><\/p>\n<p><span style=\"color: #0000cd;\"><strong><span style=\"font-size: 16px;\">&#8211; Perreuse<\/span><\/strong><\/span><\/p>\n<p><span style=\"color: #0000cd;\"><strong><span style=\"font-size: 16px;\">\u00a0\u00a0 \u00a0*\u00a0<a href=\"http:\/\/www.terres-et-seigneurs-en-donziais.fr\/?p=3436\"><em>Perreuse (Bie)<\/em><\/a><\/span><\/strong><\/span><\/p>\n<p>&nbsp;<\/p>\n","protected":false},"excerpt":{"rendered":"<p>Ci-dessous la liste des fiefs \u00e9tudi\u00e9s, class\u00e9s par commune\u00a0:\u00a0 &#8211; Saint-Sauveur (en Puisaye) \u00a0\u00a0 \u00a0* Saint-Sauveur * Les Barres &#8211; Lainsecq \u00a0\u00a0 \u00a0* Beauvais \u00a0\u00a0 \u00a0* Montrepar\u00e9 &#8211; Saints-en-Puisaye \u00a0\u00a0 \u00a0* Rivi\u00e8re &#8211; Treigny \u00a0\u00a0 \u00a0* Boutissaint \u00a0\u00a0 \u00a0* La Bussi\u00e8re \u00a0 \u00a0 * La Cour-des-Pr\u00e9s \u00a0\u00a0 \u00a0* Guerchy \u00a0\u00a0 \u00a0* Ratilly \u00a0 \u00a0* La &hellip; <a href=\"http:\/\/www.terres-et-seigneurs-en-donziais.fr\/?page_id=726\" class=\"more-link\">Continuer la lecture de <span class=\"screen-reader-text\">Ch\u00e2tellenie de Saint-Sauveur<\/span> <span class=\"meta-nav\">&rarr;<\/span><\/a><\/p>\n","protected":false},"author":1,"featured_media":0,"parent":3073,"menu_order":2,"comment_status":"open","ping_status":"open","template":"","meta":[],"_links":{"self":[{"href":"http:\/\/www.terres-et-seigneurs-en-donziais.fr\/index.php?rest_route=\/wp\/v2\/pages\/726"}],"collection":[{"href":"http:\/\/www.terres-et-seigneurs-en-donziais.fr\/index.php?rest_route=\/wp\/v2\/pages"}],"about":[{"href":"http:\/\/www.terres-et-seigneurs-en-donziais.fr\/index.php?rest_route=\/wp\/v2\/types\/page"}],"author":[{"embeddable":true,"href":"http:\/\/www.terres-et-seigneurs-en-donziais.fr\/index.php?rest_route=\/wp\/v2\/users\/1"}],"replies":[{"embeddable":true,"href":"http:\/\/www.terres-et-seigneurs-en-donziais.fr\/index.php?rest_route=%2Fwp%2Fv2%2Fcomments&post=726"}],"version-history":[{"count":30,"href":"http:\/\/www.terres-et-seigneurs-en-donziais.fr\/index.php?rest_route=\/wp\/v2\/pages\/726\/revisions"}],"predecessor-version":[{"id":7867,"href":"http:\/\/www.terres-et-seigneurs-en-donziais.fr\/index.php?rest_route=\/wp\/v2\/pages\/726\/revisions\/7867"}],"up":[{"embeddable":true,"href":"http:\/\/www.terres-et-seigneurs-en-donziais.fr\/index.php?rest_route=\/wp\/v2\/pages\/3073"}],"wp:attachment":[{"href":"http:\/\/www.terres-et-seigneurs-en-donziais.fr\/index.php?rest_route=%2Fwp%2Fv2%2Fmedia&parent=726"}],"curies":[{"name":"wp","href":"https:\/\/api.w.org\/{rel}","templated":true}]}}