{"id":724,"date":"2015-06-01T08:22:03","date_gmt":"2015-06-01T07:22:03","guid":{"rendered":"http:\/\/www.terres-et-seigneurs-en-donziais.fr\/?page_id=724"},"modified":"2020-02-10T11:16:58","modified_gmt":"2020-02-10T10:16:58","slug":"chatellenie-de-druyes-2","status":"publish","type":"page","link":"http:\/\/www.terres-et-seigneurs-en-donziais.fr\/?page_id=724","title":{"rendered":"Ch\u00e2tellenie de Druyes"},"content":{"rendered":"<p><span style=\"font-size: 18px;\"><strong><span style=\"color: #0000cd;\">Ci-dessous la liste des fiefs \u00e9tudi\u00e9s, class\u00e9s par commune\u00a0:<\/span><\/strong><\/span><\/p>\n<p><span style=\"color: #0000cd;\"><span style=\"font-size: 16px;\">&#8211; <strong>Druyes-les-Belles-Fontaines<\/strong><\/span><\/span><\/p>\n<p><em><span style=\"color: #0000cd;\"><span style=\"font-size: 16px;\">\u00a0 \u00a0<\/span><\/span><span style=\"font-size: 16px;\"><span style=\"color: #008080;\">\u00a0<\/span><strong><a href=\"http:\/\/www.terres-et-seigneurs-en-donziais.fr\/?p=456\"><span style=\"color: #008080;\">* Druyes, ch\u00e2teau comtal et vicomt\u00e9<\/span><\/a><\/strong><\/span><\/em><\/p>\n<p><em>\u00a0 \u00a0\u00a0<strong><a href=\"http:\/\/www.terres-et-seigneurs-en-donziais.fr\/?p=665\"><span style=\"color: #008080;\"><span style=\"font-size: 16px;\">*\u00a0Le Boulay<\/span><\/span><\/a><\/strong><\/em><\/p>\n<p><em><strong><span style=\"color: #008080;\"><span style=\"font-size: 16px;\">\u00a0\u00a0 \u00a0* <a href=\"http:\/\/www.terres-et-seigneurs-en-donziais.fr\/?p=3656\">Maupertuis<\/a><\/span><\/span><\/strong><\/em><\/p>\n<p>*<a href=\"http:\/\/www.terres-et-seigneurs-en-donziais.fr\/?p=6659\" target=\"_blank\" rel=\"noopener noreferrer\"><em><strong> La Cour Grenouille<\/strong><\/em><\/a><\/p>\n<p><span style=\"color: #0000cd;\"><span style=\"font-size: 16px;\">&#8211; <strong>Andryes<\/strong><\/span><\/span><\/p>\n<p><em><span style=\"color: #0000cd;\"><span style=\"font-size: 16px;\">\u00a0 \u00a0<\/span><\/span><span style=\"font-size: 16px;\"><strong><span style=\"color: #008080;\">*\u00a0<\/span><a href=\"http:\/\/www.terres-et-seigneurs-en-donziais.fr\/?p=1312\"><span style=\"color: #008080;\">\u00a0Ferri\u00e8res<\/span><\/a><\/strong><\/span><\/em><\/p>\n<p><em><span style=\"font-size: 16px;\"><strong><span style=\"color: #008080;\">\u00a0\u00a0 \u00a0<a href=\"http:\/\/www.terres-et-seigneurs-en-donziais.fr\/?p=4048\">* Villeprenoy<\/a><\/span><\/strong><\/span><\/em><\/p>\n<p><span style=\"color: #0000cd;\"><span style=\"font-size: 16px;\"><strong>&#8211; Molesmes<\/strong><\/span><\/span><\/p>\n<p><a href=\"http:\/\/www.terres-et-seigneurs-en-donziais.fr\/?p=4088\"><span style=\"color: #0000cd;\"><span style=\"font-size: 16px;\"><strong>\u00a0\u00a0 <em>\u00a0* Molesmes et Fontenailles<\/em><\/strong><\/span><\/span><\/a><\/p>\n<p><span style=\"color: #0000cd;\"><span style=\"font-size: 16px;\">&#8211; <strong>Soug\u00e8res-en-Puisaye<\/strong><\/span><\/span><\/p>\n<p><span style=\"color: #0000cd;\"><span style=\"font-size: 16px;\">\u00a0\u00a0 \u00a0<\/span><\/span><span style=\"color: #ff0000;\"><span style=\"font-size: 16px;\"><strong><em>* <a href=\"http:\/\/www.terres-et-seigneurs-en-donziais.fr\/?p=100\">Pesseli\u00e8res<\/a><\/em><\/strong><\/span><\/span><\/p>\n<p><span style=\"color: #0000cd;\"><span style=\"font-size: 16px;\">\u00a0\u00a0 <\/span><\/span><strong><em><span style=\"color: #ff0000;\"><span style=\"font-size: 16px;\">\u00a0* <a href=\"http:\/\/www.terres-et-seigneurs-en-donziais.fr\/?p=661\">Chauminet<\/a><\/span><\/span><\/em><\/strong><\/p>\n<p><span style=\"color: #0000cd;\"><span style=\"font-size: 16px;\">&#8211; <strong>Lain<\/strong><\/span><\/span><\/p>\n<p><em><span style=\"color: #0000cd;\"><span style=\"font-size: 16px;\">\u00a0 \u00a0\u00a0<\/span><\/span><span style=\"font-size: 16px;\"><strong><a href=\"http:\/\/www.terres-et-seigneurs-en-donziais.fr\/?p=1256\"><span style=\"color: #008080;\">* Lain<\/span><\/a><\/strong><\/span><\/em><\/p>\n<p><span style=\"color: #0000cd;\"><span style=\"font-size: 16px;\">\u00a0\u00a0 \u00a0<\/span><\/span><span style=\"color: #ff0000;\"><span style=\"font-size: 16px;\"><strong><em>* <a href=\"http:\/\/www.terres-et-seigneurs-en-donziais.fr\/?p=98\">Test-Milon<\/a><\/em><\/strong><\/span><\/span><\/p>\n<p><span style=\"color: #0000cd;\"><span style=\"font-size: 16px;\"><strong>&#8211; Lainsecq<\/strong><\/span><\/span><\/p>\n<p><span style=\"color: #0000cd;\"><span style=\"font-size: 16px;\"><strong>\u00a0\u00a0 \u00a0* <a href=\"http:\/\/www.terres-et-seigneurs-en-donziais.fr\/?p=3642\"><em>La Breuille<\/em><\/a><\/strong><\/span><\/span><\/p>\n<p><span style=\"color: #0000cd;\"><span style=\"font-size: 16px;\">&#8211; <strong>Sainpuits<\/strong><\/span><\/span><\/p>\n<p><span style=\"color: #0000cd;\"><span style=\"font-size: 16px;\">\u00a0\u00a0 <\/span><\/span><span style=\"color: #ff0000;\"><span style=\"font-size: 16px;\"><strong><em>\u00a0* <a href=\"http:\/\/www.terres-et-seigneurs-en-donziais.fr\/?p=118\">Les Barres<\/a><\/em><\/strong><\/span><\/span><\/p>\n<p><span style=\"color: #0000cd;\"><span style=\"font-size: 16px;\"><strong>&#8211; Taingy<\/strong><\/span><\/span><\/p>\n<p><a href=\"http:\/\/www.terres-et-seigneurs-en-donziais.fr\/?p=3631\"><span style=\"color: #0000cd;\"><span style=\"font-size: 16px;\"><strong>\u00a0\u00a0 \u00a0* <em>Taingy<\/em><\/strong><\/span><\/span><\/a><\/p>\n<p><a href=\"http:\/\/www.terres-et-seigneurs-en-donziais.fr\/?p=6350\" target=\"_blank\" rel=\"noopener noreferrer\"><strong><em>* Aubigny<\/em><\/strong><\/a><\/p>\n<p><span style=\"color: #0000cd;\"><span style=\"font-size: 16px;\"><strong>&#8211; Thury<\/strong><\/span><\/span><\/p>\n<p><span style=\"color: #0000cd;\"><span style=\"font-size: 16px;\"><strong>\u00a0\u00a0 \u00a0* <a href=\"http:\/\/www.terres-et-seigneurs-en-donziais.fr\/?p=3610\"><em>Thury<\/em><\/a><\/strong><\/span><\/span><\/p>\n","protected":false},"excerpt":{"rendered":"<p>Ci-dessous la liste des fiefs \u00e9tudi\u00e9s, class\u00e9s par commune\u00a0: &#8211; Druyes-les-Belles-Fontaines \u00a0 \u00a0\u00a0* Druyes, ch\u00e2teau comtal et vicomt\u00e9 \u00a0 \u00a0\u00a0*\u00a0Le Boulay \u00a0\u00a0 \u00a0* Maupertuis * La Cour Grenouille &#8211; Andryes \u00a0 \u00a0*\u00a0\u00a0Ferri\u00e8res \u00a0\u00a0 \u00a0* Villeprenoy &#8211; Molesmes \u00a0\u00a0 \u00a0* Molesmes et Fontenailles &#8211; Soug\u00e8res-en-Puisaye \u00a0\u00a0 \u00a0* Pesseli\u00e8res \u00a0\u00a0 \u00a0* Chauminet &#8211; Lain \u00a0 \u00a0\u00a0* Lain &hellip; <a href=\"http:\/\/www.terres-et-seigneurs-en-donziais.fr\/?page_id=724\" class=\"more-link\">Continuer la lecture de <span class=\"screen-reader-text\">Ch\u00e2tellenie de Druyes<\/span> <span class=\"meta-nav\">&rarr;<\/span><\/a><\/p>\n","protected":false},"author":1,"featured_media":0,"parent":3073,"menu_order":1,"comment_status":"open","ping_status":"open","template":"","meta":[],"_links":{"self":[{"href":"http:\/\/www.terres-et-seigneurs-en-donziais.fr\/index.php?rest_route=\/wp\/v2\/pages\/724"}],"collection":[{"href":"http:\/\/www.terres-et-seigneurs-en-donziais.fr\/index.php?rest_route=\/wp\/v2\/pages"}],"about":[{"href":"http:\/\/www.terres-et-seigneurs-en-donziais.fr\/index.php?rest_route=\/wp\/v2\/types\/page"}],"author":[{"embeddable":true,"href":"http:\/\/www.terres-et-seigneurs-en-donziais.fr\/index.php?rest_route=\/wp\/v2\/users\/1"}],"replies":[{"embeddable":true,"href":"http:\/\/www.terres-et-seigneurs-en-donziais.fr\/index.php?rest_route=%2Fwp%2Fv2%2Fcomments&post=724"}],"version-history":[{"count":33,"href":"http:\/\/www.terres-et-seigneurs-en-donziais.fr\/index.php?rest_route=\/wp\/v2\/pages\/724\/revisions"}],"predecessor-version":[{"id":6678,"href":"http:\/\/www.terres-et-seigneurs-en-donziais.fr\/index.php?rest_route=\/wp\/v2\/pages\/724\/revisions\/6678"}],"up":[{"embeddable":true,"href":"http:\/\/www.terres-et-seigneurs-en-donziais.fr\/index.php?rest_route=\/wp\/v2\/pages\/3073"}],"wp:attachment":[{"href":"http:\/\/www.terres-et-seigneurs-en-donziais.fr\/index.php?rest_route=%2Fwp%2Fv2%2Fmedia&parent=724"}],"curies":[{"name":"wp","href":"https:\/\/api.w.org\/{rel}","templated":true}]}}