{"id":712,"date":"2015-06-01T08:19:20","date_gmt":"2015-06-01T07:19:20","guid":{"rendered":"http:\/\/www.terres-et-seigneurs-en-donziais.fr\/?page_id=712"},"modified":"2024-11-08T19:49:10","modified_gmt":"2024-11-08T18:49:10","slug":"chatellenie-de-donzy","status":"publish","type":"page","link":"http:\/\/www.terres-et-seigneurs-en-donziais.fr\/?page_id=712","title":{"rendered":"Ch\u00e2tellenie de Donzy"},"content":{"rendered":"<p><strong><span style=\"font-size: 18px;\"><span style=\"color: #0000cd;\">Ci-dessous la liste des fiefs \u00e9tudi\u00e9s, class\u00e9s par communes\u00a0:<\/span><\/span><\/strong><\/p>\n<p><span style=\"font-size: 16px;\"><span style=\"color: #0000cd;\">&#8211; <strong>Donzy<\/strong><\/span><\/span><\/p>\n<p><span style=\"font-size: 16px;\"><span style=\"color: #0000cd;\">\u00a0 \u00a0\u00a0<\/span><em style=\"color: #ff0000; font-weight: bold;\">* <a href=\"http:\/\/www.terres-et-seigneurs-en-donziais.fr\/?p=2372\">Champromain<\/a><\/em><\/span><\/p>\n<p><a href=\"http:\/\/www.terres-et-seigneurs-en-donziais.fr\/?p=9261\" target=\"_blank\" rel=\"noopener\"><span style=\"color: #ff0000;\"><strong><em>* Fief Lamoignon<\/em><\/strong><\/span><\/a><\/p>\n<p><span style=\"font-size: 16px;\"><span style=\"color: #ff0000;\"><strong><em>\u00a0\u00a0 \u00a0* <a href=\"http:\/\/www.terres-et-seigneurs-en-donziais.fr\/?p=698\">La Brosse<\/a><\/em><\/strong><\/span><\/span><\/p>\n<p><span style=\"font-size: 16px;\"><span style=\"color: #ff0000;\"><strong><em>\u00a0\u00a0 \u00a0* <a href=\"http:\/\/www.terres-et-seigneurs-en-donziais.fr\/?p=5102\" target=\"_blank\" rel=\"noopener noreferrer\">Pontcharrault<\/a><\/em><\/strong><\/span><\/span><\/p>\n<p><span style=\"font-size: 16px;\"><strong><span style=\"color: #0000cd;\">&#8211; Colm\u00e9ry<\/span><\/strong><\/span><\/p>\n<p><span style=\"font-size: 16px;\"><strong><span style=\"color: #0000cd;\">\u00a0 \u00a0 <em>\u00a0* <a href=\"http:\/\/www.terres-et-seigneurs-en-donziais.fr\/?p=4709\">Colm\u00e9ry<\/a><\/em><\/span><\/strong><\/span><\/p>\n<p><span style=\"font-size: 16px;\"><strong><span style=\"color: #0000cd;\"><em>\u00a0\u00a0 \u00a0 * <a href=\"http:\/\/www.terres-et-seigneurs-en-donziais.fr\/?p=5296\" target=\"_blank\" rel=\"noopener noreferrer\">Dreigny<\/a><\/em><\/span><\/strong><\/span><\/p>\n<p><span style=\"font-size: 16px;\"><strong><span style=\"color: #0000cd;\"><em>\u00a0\u00a0 \u00a0 * <a href=\"http:\/\/www.terres-et-seigneurs-en-donziais.fr\/?p=4720\">Malicorne<\/a><\/em><\/span><\/strong><\/span><\/p>\n<p><span style=\"font-size: 16px;\"><strong><span style=\"color: #0000cd;\"><em>\u00a0\u00a0 \u00a0 * <a href=\"http:\/\/www.terres-et-seigneurs-en-donziais.fr\/?p=4731\">Le Vaudoisy<\/a><\/em><\/span><\/strong><\/span><\/p>\n<p><span style=\"font-size: 16px;\"><strong><span style=\"color: #0000cd;\"><em>\u00a0\u00a0 \u00a0* <a href=\"http:\/\/www.terres-et-seigneurs-en-donziais.fr\/?p=5155\" target=\"_blank\" rel=\"noopener noreferrer\">La For\u00eat-de-Lorme<\/a><\/em><\/span><\/strong><\/span><\/p>\n<p><span style=\"font-size: 16px;\"><strong><span style=\"color: #0000cd;\"><em>\u00a0\u00a0 \u00a0* <a href=\"http:\/\/www.terres-et-seigneurs-en-donziais.fr\/?p=5224\" target=\"_blank\" rel=\"noopener noreferrer\">Savigny<\/a><\/em><\/span><\/strong><\/span><\/p>\n<p><span style=\"color: #0000cd;\"><span style=\"font-size: 16px;\">&#8211; <strong>Perroy<\/strong><\/span><\/span><\/p>\n<p><span style=\"font-size: 16px;\"><span style=\"color: #ff0000;\"><strong><em>\u00a0\u00a0 \u00a0* <a href=\"http:\/\/www.terres-et-seigneurs-en-donziais.fr\/?p=72\">La Garde<\/a><\/em><\/strong><\/span><\/span><\/p>\n<p><span style=\"font-size: 16px;\"><span style=\"color: #ff0000;\"><strong><em>\u00a0\u00a0 \u00a0* <a href=\"http:\/\/www.terres-et-seigneurs-en-donziais.fr\/?p=88\">La Motte-Josserand<\/a><\/em><\/strong><\/span><\/span><\/p>\n<p><span style=\"font-size: 16px;\"><span style=\"color: #0000cd;\">&#8211; <strong>Suilly-la-tour<\/strong><\/span><\/span><\/p>\n<p><span style=\"color: #0000cd; font-size: medium;\"><span style=\"line-height: 25px;\">\u00a0 \u00a0<\/span><\/span><strong><em><span style=\"color: #ff0000;\"><span style=\"font-size: medium;\"><span style=\"line-height: 25px;\"> * <a href=\"http:\/\/www.terres-et-seigneurs-en-donziais.fr\/?p=86\">Le Magny et Suilly<\/a><\/span><\/span><\/span><\/em><\/strong><\/p>\n<p><strong><em><span style=\"color: #ff0000;\"><span style=\"font-size: medium;\"><span style=\"line-height: 25px;\">\u00a0\u00a0 \u00a0* <a href=\"http:\/\/www.terres-et-seigneurs-en-donziais.fr\/?p=80\">Les Granges (la Rachonni\u00e8re)<\/a><\/span><\/span><\/span><\/em><\/strong><\/p>\n<p><strong><em><span style=\"color: #ff0000;\"><span style=\"font-size: medium;\"><span style=\"line-height: 25px;\">\u00a0 \u00a0 * <a href=\"http:\/\/www.terres-et-seigneurs-en-donziais.fr\/?p=7015\" target=\"_blank\" rel=\"noopener noreferrer\">Presle<\/a><\/span><\/span><\/span><\/em><\/strong><\/p>\n<p><strong><em><span style=\"color: #ff0000;\"><span style=\"font-size: medium;\"><span style=\"line-height: 25px;\">\u00a0\u00a0 \u00a0* <a href=\"http:\/\/www.terres-et-seigneurs-en-donziais.fr\/?p=84\">Chailloy<\/a><\/span><\/span><\/span><\/em><\/strong><\/p>\n<p><span style=\"font-size: 16px;\"><span style=\"color: #0000cd;\">\u00a0\u00a0<\/span><strong><em><span style=\"color: #ff0000;\"> \u00a0* <a href=\"http:\/\/www.terres-et-seigneurs-en-donziais.fr\/?s=vergers\">Vergers<\/a><\/span><\/em><\/strong><\/span><\/p>\n<p><span style=\"font-size: 16px;\"><strong><em><span style=\"color: #ff0000;\">\u00a0 \u00a0 <a href=\"http:\/\/www.terres-et-seigneurs-en-donziais.fr\/?p=2853\">* La Fillouse<\/a><\/span><\/em><\/strong><\/span><\/p>\n<p><span style=\"font-size: 16px;\"><span style=\"color: #0000cd;\">&#8211; <strong>Sainte-Colombe<\/strong><\/span><\/span><\/p>\n<p><em><span style=\"font-size: 16px;\"><span style=\"color: #0000cd;\"><strong>\u00a0\u00a0 \u00a0* <a href=\"http:\/\/www.terres-et-seigneurs-en-donziais.fr\/?p=5138\" target=\"_blank\" rel=\"noopener noreferrer\">Sainte-Colombe<\/a><\/strong><\/span><\/span><\/em><\/p>\n<p><span style=\"font-size: 16px;\"><span style=\"color: #0000cd;\">\u00a0\u00a0 \u00a0<\/span><strong><em><span style=\"color: #ff0000;\">* <a href=\"http:\/\/www.terres-et-seigneurs-en-donziais.fr\/?p=749\">La Montoise<\/a><\/span><\/em><\/strong><\/span><\/p>\n<p>* <a href=\"http:\/\/www.terres-et-seigneurs-en-donziais.fr\/?p=8049\" target=\"_blank\" rel=\"noopener\"><em><strong>Champdoux<\/strong><\/em><\/a><\/p>\n<p><span style=\"font-size: 16px;\"><span style=\"color: #0000cd;\">&#8211; <strong>Menou<\/strong><\/span><\/span><\/p>\n<p><span style=\"font-size: 16px;\"><span style=\"color: #0000cd;\">\u00a0\u00a0 <\/span><strong><em><span style=\"color: #ff0000;\">* <a href=\"http:\/\/www.terres-et-seigneurs-en-donziais.fr\/?p=92\">Nanvignes (Menou)<\/a><\/span><\/em><\/strong><\/span><\/p>\n<p><span style=\"font-size: 16px;\"><span style=\"color: #0000cd;\">&#8211;\u00a0<strong>La Chapelle-Saint-Andr\u00e9<\/strong><\/span><\/span><\/p>\n<p><span style=\"font-size: 16px;\"><span style=\"color: #0000cd;\">\u00a0\u00a0 <\/span><em><span style=\"color: #ff0000;\">\u00a0<strong>* <a href=\"http:\/\/www.terres-et-seigneurs-en-donziais.fr\/?p=110\">Corbelin<\/a><\/strong><\/span><\/em><\/span><\/p>\n<p><span style=\"font-size: 16px;\"><em><span style=\"color: #ff0000;\"><strong>\u00a0\u00a0 \u00a0* <a href=\"http:\/\/www.terres-et-seigneurs-en-donziais.fr\/?p=5619\" target=\"_blank\" rel=\"noopener noreferrer\">Le M\u00e9e<\/a><\/strong><\/span><\/em><\/span><\/p>\n<p><a href=\"http:\/\/www.terres-et-seigneurs-en-donziais.fr\/?p=6068\" target=\"_blank\" rel=\"noopener noreferrer\"><strong><em> * Croisy<\/em><\/strong><\/a><\/p>\n<p><span style=\"font-size: 16px;\"><span style=\"color: #0000cd;\">&#8211; <strong>Couloutre<\/strong><\/span><\/span><\/p>\n<p><span style=\"font-size: 16px;\"><span style=\"color: #0000cd;\">\u00a0\u00a0 \u00a0<\/span><span style=\"color: #ff0000;\"><strong><em>* <a href=\"http:\/\/www.terres-et-seigneurs-en-donziais.fr\/?p=90\">La Rivi\u00e8re<\/a><\/em><\/strong><\/span><\/span><\/p>\n<p><span style=\"font-size: 16px;\"><span style=\"color: #0000cd;\">&#8211; <strong>M\u00e9nestreau<\/strong><\/span><\/span><\/p>\n<p><span style=\"font-size: 16px;\"><span style=\"color: #0000cd;\">\u00a0\u00a0 \u00a0<\/span><strong><em><span style=\"color: #ff0000;\">* <a href=\"http:\/\/www.terres-et-seigneurs-en-donziais.fr\/?p=92\">Villiers<\/a><\/span><\/em><\/strong><\/span><\/p>\n<p><span style=\"font-size: 16px;\"><span style=\"color: #0000cd;\">&#8211; <strong>Ciez<\/strong><\/span><\/span><\/p>\n<p><span style=\"font-size: 16px;\"><span style=\"color: #0000cd;\">\u00a0\u00a0 \u00a0<\/span><span style=\"color: #ff0000;\"><strong><em>* <a href=\"http:\/\/www.terres-et-seigneurs-en-donziais.fr\/?p=760\">Boisjardin<\/a><\/em><\/strong><\/span><\/span><\/p>\n<p><span style=\"font-size: 16px;\"><span style=\"color: #0000cd;\">&#8211; <strong>Saint-P\u00e8re<\/strong><\/span><\/span><\/p>\n<p><strong><span style=\"color: #ff0000;\"><em><span style=\"font-size: 16px;\">\u00a0\u00a0 \u00a0* <a href=\"http:\/\/www.terres-et-seigneurs-en-donziais.fr\/?p=130\">Saint P\u00e8re<\/a><\/span><\/em><\/span><\/strong><\/p>\n<p><em><strong><a href=\"http:\/\/www.terres-et-seigneurs-en-donziais.fr\/?p=6420\" target=\"_blank\" rel=\"noopener noreferrer\">\u00a0 \u00a0 * Fontaine<\/a><\/strong><\/em><\/p>\n<p><a href=\"http:\/\/www.terres-et-seigneurs-en-donziais.fr\/?p=8032\" target=\"_blank\" rel=\"noopener\"><em><strong>* Rozier<\/strong><\/em><\/a><\/p>\n<p><span style=\"font-size: 16px;\"><span style=\"color: #0000cd;\">&#8211; <strong>Pougny<\/strong><\/span><\/span><\/p>\n<p><a href=\"http:\/\/www.terres-et-seigneurs-en-donziais.fr\/?p=3849\" target=\"_blank\" rel=\"noopener noreferrer\"><span style=\"font-size: 16px;\"><span style=\"color: #0000cd;\"><strong>\u00a0\u00a0 \u00a0* <em>Pougny<\/em><\/strong><\/span><\/span><\/a><\/p>\n<p><span style=\"font-size: 16px;\"><span style=\"color: #0000cd;\">\u00a0\u00a0 \u00a0<\/span><strong><em><span style=\"color: #ff0000;\">* <a href=\"http:\/\/www.terres-et-seigneurs-en-donziais.fr\/?p=134\">Villargeau<\/a><\/span><\/em><\/strong><\/span><\/p>\n<p><span style=\"color: #ff0000; font-size: medium;\"><span style=\"line-height: 25px;\"><b><i>\u00a0 \u00a0 <a href=\"http:\/\/www.terres-et-seigneurs-en-donziais.fr\/?p=1515\">* Br\u00e9tignelles<\/a><\/i><\/b><\/span><\/span><\/p>\n<p><span style=\"color: #ff0000; font-size: medium;\"><span style=\"line-height: 25px;\"><b><i>\u00a0\u00a0 \u00a0* <a href=\"http:\/\/t-seigneurs-en-donziais.fr\/?p=3590\">Montbeno\u00eet<\/a><\/i><\/b><\/span><\/span><\/p>\n<p><span style=\"font-size: 16px;\"><span style=\"color: #0000cd;\">&#8211; <strong>St-Martin-sur-Nohain<\/strong><\/span><\/span><\/p>\n<p><span style=\"font-size: 16px;\"><span style=\"color: #0000cd;\">\u00a0\u00a0 \u00a0<\/span><strong><em><span style=\"color: #ff0000;\">* <a href=\"http:\/\/www.terres-et-seigneurs-en-donziais.fr\/?p=41\">Favray<\/a><\/span><\/em><\/strong><\/span><\/p>\n<p><span style=\"color: #ff0000;\"><strong><em><span style=\"font-size: 16px;\">\u00a0\u00a0 \u00a0* <a href=\"http:\/\/www.terres-et-seigneurs-en-donziais.fr\/?p=124\">Mocques<\/a><\/span><\/em><\/strong><\/span><\/p>\n<p><span style=\"font-size: 16px;\"><span style=\"color: #0000cd;\">&#8211; <strong>Saint-Quentin-sur-Nohain<\/strong><\/span><\/span><\/p>\n<p><span style=\"font-size: 16px;\"><span style=\"color: #0000cd;\">\u00a0\u00a0 \u00a0<\/span><span style=\"color: #ff0000;\"><strong><em>* <a href=\"http:\/\/www.terres-et-seigneurs-en-donziais.fr\/?p=108\">Chevroux<\/a><\/em><\/strong><\/span><\/span><\/p>\n<p>* <a href=\"http:\/\/www.terres-et-seigneurs-en-donziais.fr\/?p=8892\" target=\"_blank\" rel=\"noopener\"><strong><em>Saint-Quentin<\/em><\/strong><\/a><\/p>\n<p><span style=\"color: #0000cd; font-size: medium;\"><span style=\"line-height: 25px;\">&#8211; <strong>Pouilly-sur-Loire<\/strong><\/span><\/span><\/p>\n<p><span style=\"color: #0000cd; font-size: medium;\"><span style=\"line-height: 25px;\">\u00a0\u00a0 <\/span><\/span><span style=\"color: #ff0000;\"><span style=\"font-size: medium;\"><span style=\"line-height: 25px;\"><strong><em>\u00a0* <a href=\"http:\/\/www.terres-et-seigneurs-en-donziais.fr\/?p=114\">Le Nozet<\/a><\/em><\/strong><\/span><\/span><\/span><\/p>\n<p><span style=\"color: #0000ff;\"><strong>-Saint-Andelain<\/strong><\/span><\/p>\n<p><a href=\"http:\/\/www.terres-et-seigneurs-en-donziais.fr\/?p=7120\" target=\"_blank\" rel=\"noopener noreferrer\"><em><strong>* Saint-Andelain<\/strong><\/em><\/a><\/p>\n<p><strong><em><a href=\"http:\/\/www.terres-et-seigneurs-en-donziais.fr\/?p=6990\" target=\"_blank\" rel=\"noopener noreferrer\">\u00a0 \u00a0 * Bois-Regnault<\/a><\/em><\/strong><\/p>\n<p>&nbsp;<\/p>\n","protected":false},"excerpt":{"rendered":"<p>Ci-dessous la liste des fiefs \u00e9tudi\u00e9s, class\u00e9s par communes\u00a0: &#8211; Donzy \u00a0 \u00a0\u00a0* Champromain * Fief Lamoignon \u00a0\u00a0 \u00a0* La Brosse \u00a0\u00a0 \u00a0* Pontcharrault &#8211; Colm\u00e9ry \u00a0 \u00a0 \u00a0* Colm\u00e9ry \u00a0\u00a0 \u00a0 * Dreigny \u00a0\u00a0 \u00a0 * Malicorne \u00a0\u00a0 \u00a0 * Le Vaudoisy \u00a0\u00a0 \u00a0* La For\u00eat-de-Lorme \u00a0\u00a0 \u00a0* Savigny &#8211; Perroy \u00a0\u00a0 \u00a0* La &hellip; <a href=\"http:\/\/www.terres-et-seigneurs-en-donziais.fr\/?page_id=712\" class=\"more-link\">Continuer la lecture de <span class=\"screen-reader-text\">Ch\u00e2tellenie de Donzy<\/span> <span class=\"meta-nav\">&rarr;<\/span><\/a><\/p>\n","protected":false},"author":1,"featured_media":0,"parent":3071,"menu_order":1,"comment_status":"open","ping_status":"open","template":"","meta":[],"_links":{"self":[{"href":"http:\/\/www.terres-et-seigneurs-en-donziais.fr\/index.php?rest_route=\/wp\/v2\/pages\/712"}],"collection":[{"href":"http:\/\/www.terres-et-seigneurs-en-donziais.fr\/index.php?rest_route=\/wp\/v2\/pages"}],"about":[{"href":"http:\/\/www.terres-et-seigneurs-en-donziais.fr\/index.php?rest_route=\/wp\/v2\/types\/page"}],"author":[{"embeddable":true,"href":"http:\/\/www.terres-et-seigneurs-en-donziais.fr\/index.php?rest_route=\/wp\/v2\/users\/1"}],"replies":[{"embeddable":true,"href":"http:\/\/www.terres-et-seigneurs-en-donziais.fr\/index.php?rest_route=%2Fwp%2Fv2%2Fcomments&post=712"}],"version-history":[{"count":75,"href":"http:\/\/www.terres-et-seigneurs-en-donziais.fr\/index.php?rest_route=\/wp\/v2\/pages\/712\/revisions"}],"predecessor-version":[{"id":9270,"href":"http:\/\/www.terres-et-seigneurs-en-donziais.fr\/index.php?rest_route=\/wp\/v2\/pages\/712\/revisions\/9270"}],"up":[{"embeddable":true,"href":"http:\/\/www.terres-et-seigneurs-en-donziais.fr\/index.php?rest_route=\/wp\/v2\/pages\/3071"}],"wp:attachment":[{"href":"http:\/\/www.terres-et-seigneurs-en-donziais.fr\/index.php?rest_route=%2Fwp%2Fv2%2Fmedia&parent=712"}],"curies":[{"name":"wp","href":"https:\/\/api.w.org\/{rel}","templated":true}]}}