{"id":531,"date":"2015-05-09T06:44:45","date_gmt":"2015-05-09T05:44:45","guid":{"rendered":"http:\/\/www.terres-et-seigneurs-en-donziais.fr\/?page_id=531"},"modified":"2025-04-19T16:45:08","modified_gmt":"2025-04-19T15:45:08","slug":"saint-verain-baronnie","status":"publish","type":"page","link":"http:\/\/www.terres-et-seigneurs-en-donziais.fr\/?page_id=531","title":{"rendered":"Baronnie de Saint-Verain"},"content":{"rendered":"<p style=\"text-align: center;\"><span style=\"font-size: 14px;\"><em><span style=\"color: #0000ff;\">(Illustration : carreau en fa\u00efence en \u00ab\u00a0<\/span><a href=\"http:\/\/www.grespuisaye.fr\/traditionnel\/bleu.html\"><span style=\"color: #0000ff;\">bleu de Saint-Verain<\/span><\/a><span style=\"color: #0000ff;\">\u00ab\u00a0)<\/span><\/em><\/span><\/p>\n<p style=\"text-align: justify;\"><strong><span style=\"font-size: 16px;\">Saint-Verain, en Puisaye nivernaise, aux confins du Val de Loire, fut une \u00e9norme\u00a0forteresse au XIII\u00e8me si\u00e8cle. Seules subsistent quelques ruines, dont le donjon, \u00e9ventr\u00e9. Les Gibaud, sires\u00a0de Saint-Verain, sont connus depuis le d\u00e9but du XI\u00e8me si\u00e8cle.<\/span><\/strong><\/p>\n<p style=\"text-align: justify;\"><span style=\"font-size: 16px;\">On a \u00e9voqu\u00e9 une fondation parall\u00e8lle \u00e0 celle de Donzy par <strong><a href=\"http:\/\/fr.wikipedia.org\/wiki\/Hugues_de_Chalon_(Auxerre)\" target=\"_blank\" rel=\"noopener noreferrer\">Hugues de Chalon<\/a><\/strong>\u00a0(975-1039), \u00e9v\u00eaque d&rsquo;Auxerre, mais ce n&rsquo;est pas d\u00e9montr\u00e9, d&rsquo;autant que le premier Gibaud (Witbaldus) \u00e9tait\u00a0install\u00e9 l\u00e0 ant\u00e9rieurement. L&rsquo;\u00e9v\u00eaque d\u00fbt plut\u00f4t le confirmer ou le renforcer dans ses droits f\u00e9odaux, sur ce territoire qu&rsquo;il contr\u00f4lait. Peut-\u00eatre \u00e9tait-il son parent, \u00e0 l&rsquo;instar de Geoffroy de Donzy ou d&rsquo;Ythier de Toucy ?<\/span><\/p>\n<p style=\"text-align: justify;\"><span style=\"font-size: 16px;\">En fait un ch\u00e2teau fort pr\u00e9existait sous le nom de <strong>Romfort<\/strong>, qu&rsquo;on appela Saint-Verain apr\u00e8s le transfert des reliques du saint \u00e0 la fin du IX\u00e8me si\u00e8cle <strong><em>(voir notice sur le <a href=\"http:\/\/www.terres-et-seigneurs-en-donziais.fr\/?p=1958\" target=\"_blank\" rel=\"noopener noreferrer\">Prieur\u00e9 de Saint-Verain<\/a>).<\/em><\/strong><\/span><\/p>\n<p style=\"text-align: justify;\"><span style=\"font-size: medium;\"><span style=\"line-height: 25px;\">Une brillante lign\u00e9e de chevaliers fit souche \u00e0 Saint-Verain et s&rsquo;allia avec les grandes familles f\u00e9odales des environs. Elle paya un lourd tribu aux croisades, dans lesquelles les sires de Saint-Verain furent tr\u00e8s engag\u00e9s.<\/span><\/span><\/p>\n<p style=\"text-align: justify;\"><span style=\"font-size: medium;\"><span style=\"line-height: 25px;\">La seigneurie principale passa par alliance aux <strong><a href=\"http:\/\/fr.wikipedia.org\/wiki\/Maison_d'Amboise\" target=\"_blank\" rel=\"noopener noreferrer\">sires d&rsquo;Amboise-Chaumont<\/a><\/strong>, qui la tinrent, sans y \u00eatre tr\u00e8s pr\u00e9sents semble-t-il, jusqu&rsquo;au XV\u00e8me si\u00e8cle. Elle fut alors partag\u00e9e \u00e0 la suite d&rsquo;un long proc\u00e8s en succession, qui r\u00e9v\u00e8le l&rsquo;\u00e9tendue des possessions des barons de Saint-Verain dans la r\u00e9gion, et finalement reprise par le comte de Nevers (1483).<\/span><\/span><\/p>\n<p style=\"text-align: justify;\"><span style=\"font-size: medium;\"><span style=\"line-height: 25px;\">Elle eut alors le statut d&rsquo;une simple ch\u00e2tellenie, rattach\u00e9e \u00e0 la baronnie de Donzy, et les fiefs qui en d\u00e9pendaient furent d\u00e9tenus par les comtes eux-m\u00eame et par d&rsquo;autres familles locales. Saint-Verain fut d\u00e8s lors administr\u00e9e par des officiers comtaux et d\u00e9clina. Elle subit les ravages des guerres de religion et un terrible incendie en 1603, et la forterresse fut progressivement pill\u00e9e, en particulier au XIX\u00e8me si\u00e8cle.\u00a0<\/span><\/span><\/p>\n<p style=\"text-align: justify;\"><span style=\"font-size: medium;\"><span style=\"line-height: 25px;\">Saint-Verain ne s&rsquo;inscrit pas au sens strict dans le\u00a0territoire de l&rsquo;ancienne baronnie de Donzy. N\u00e9anmoins, son voisinage imm\u00e9diat, les nombreux liens qui l&rsquo;y unissent et son rattachement final au Donziais, nous ont sugg\u00e9r\u00e9 de l&rsquo;\u00e9tudier, ainsi que les principaux fiefs qui en relevaient.<\/span><\/span><\/p>\n<p style=\"text-align: justify;\"><span style=\"font-size: medium;\"><span style=\"line-height: 25px;\">Une\u00a0<\/span><\/span><span style=\"font-size: medium;\"><span style=\"line-height: 25px;\">branche\u00a0cadette de Saint-Verain &#8211; les \u00ab\u00a0Rongefer\u00a0\u00bb &#8211; \u00a0avait fait\u00a0souche \u00e0 Asnois (ch\u00e2tellenie de Metz-le-Comte, en Nivernais) et plus tard une autre \u00e0 <a href=\"http:\/\/www.terres-et-seigneurs-en-donziais.fr\/?p=881\" target=\"_blank\" rel=\"noopener noreferrer\"><strong>la Celle-sur-Loire<\/strong><\/a>, toute proche de <strong><a href=\"http:\/\/www.terres-et-seigneurs-en-donziais.fr\/?p=1859\" target=\"_blank\" rel=\"noopener noreferrer\">l&rsquo;abbaye cistercienne de Roches<\/a><\/strong>, que les barons de Saint-Verain avaient fond\u00e9e, mais dont seules de pauvres ruines subsistent.<\/span><\/span><\/p>\n<p style=\"text-align: justify;\"><span style=\"font-size: medium;\"><span style=\"line-height: 25px;\">A Saint-Verain, les p\u00f4tiers de Puisaye invent\u00e8rent au XVI\u00e8 si\u00e8cle un\u00a0bleu exceptionnel, qui fit leur renomm\u00e9e (voyez le site <strong><a href=\"http:\/\/www.grespuisaye.fr\/traditionnel\/bleu.html\" target=\"_blank\" rel=\"noopener noreferrer\">Gr\u00e8s de Puisaye<\/a><\/strong>)<\/span><\/span><\/p>\n<p style=\"text-align: justify;\"><span style=\"font-size: medium;\"><span style=\"line-height: 25px;\"><em><span style=\"color: #0000ff;\"><strong>La suite des seigneurs puis barons est pr\u00e9sent\u00e9es dans la notice ci-jointe <\/strong><\/span><strong><span style=\"color: #0000ff;\"><em>(augment\u00e9e et mise \u00e0 jour le 30\/4\/2020) :<\/em><\/span> <span style=\"font-size: 18pt;\"><a href=\"http:\/\/www.terres-et-seigneurs-en-donziais.fr\/wp-content\/uploads\/2020\/05\/Saint-Verain.pdf\" target=\"_blank\" rel=\"noopener\">Saint-Verain<\/a><\/span><\/strong><\/em><\/span><\/span><\/p>\n<p style=\"text-align: justify;\"><span style=\"font-size: 16px;\">Un tableau\u00a0g\u00e9n\u00e9alogique\u00a0est propos\u00e9\u00a0par le site <strong><a href=\"http:\/\/racineshistoire.free.fr\/LGN\/PDF\/Saint-Verain.pdf\" target=\"_blank\" rel=\"noopener noreferrer\">Racineshistoire<\/a><\/strong>, et de nombreuses indications historiques et arch\u00e9ologiques sont donn\u00e9es par le site r\u00e9gional <strong><a href=\"http:\/\/cahiersduvaldebargis.free.fr\/saintverain.html\" target=\"_blank\" rel=\"noopener noreferrer\">Cahiers-du-Val-de-Bargis<\/a>.<\/strong><\/span><\/p>\n<p style=\"text-align: justify;\"><span style=\"font-size: 16px;\">Un ouvrage enfin\u00a0a \u00e9t\u00e9 consacr\u00e9 \u00e0 l&rsquo;histoire de Saint-Verain, par L. et A. Mirot (voir <strong><a href=\"http:\/\/www.terres-et-seigneurs-en-donziais.fr\/?page_id=49\" target=\"_blank\" rel=\"noopener noreferrer\">Bibliographie<\/a><\/strong>)<\/span><\/p>\n<p style=\"text-align: justify;\"><a href=\"http:\/\/www.terres-et-seigneurs-en-donziais.fr\/wp-content\/uploads\/2015\/09\/D-enlumin\u00e9-e1443770692908.jpeg\"><img decoding=\"async\" loading=\"lazy\" class=\"alignnone size-full wp-image-1748\" src=\"http:\/\/www.terres-et-seigneurs-en-donziais.fr\/wp-content\/uploads\/2015\/09\/D-enlumin\u00e9-e1443770692908.jpeg\" alt=\"D enlumin\u00e9\" width=\"80\" height=\"80\" \/><\/a><\/p>\n","protected":false},"excerpt":{"rendered":"<p>(Illustration : carreau en fa\u00efence en \u00ab\u00a0bleu de Saint-Verain\u00ab\u00a0) Saint-Verain, en Puisaye nivernaise, aux confins du Val de Loire, fut une \u00e9norme\u00a0forteresse au XIII\u00e8me si\u00e8cle. Seules subsistent quelques ruines, dont le donjon, \u00e9ventr\u00e9. Les Gibaud, sires\u00a0de Saint-Verain, sont connus depuis le d\u00e9but du XI\u00e8me si\u00e8cle. On a \u00e9voqu\u00e9 une fondation parall\u00e8lle \u00e0 celle de Donzy &hellip; <a href=\"http:\/\/www.terres-et-seigneurs-en-donziais.fr\/?page_id=531\" class=\"more-link\">Continuer la lecture de <span class=\"screen-reader-text\">Baronnie de Saint-Verain<\/span> <span class=\"meta-nav\">&rarr;<\/span><\/a><\/p>\n","protected":false},"author":1,"featured_media":880,"parent":2889,"menu_order":2,"comment_status":"open","ping_status":"open","template":"","meta":[],"_links":{"self":[{"href":"http:\/\/www.terres-et-seigneurs-en-donziais.fr\/index.php?rest_route=\/wp\/v2\/pages\/531"}],"collection":[{"href":"http:\/\/www.terres-et-seigneurs-en-donziais.fr\/index.php?rest_route=\/wp\/v2\/pages"}],"about":[{"href":"http:\/\/www.terres-et-seigneurs-en-donziais.fr\/index.php?rest_route=\/wp\/v2\/types\/page"}],"author":[{"embeddable":true,"href":"http:\/\/www.terres-et-seigneurs-en-donziais.fr\/index.php?rest_route=\/wp\/v2\/users\/1"}],"replies":[{"embeddable":true,"href":"http:\/\/www.terres-et-seigneurs-en-donziais.fr\/index.php?rest_route=%2Fwp%2Fv2%2Fcomments&post=531"}],"version-history":[{"count":44,"href":"http:\/\/www.terres-et-seigneurs-en-donziais.fr\/index.php?rest_route=\/wp\/v2\/pages\/531\/revisions"}],"predecessor-version":[{"id":9444,"href":"http:\/\/www.terres-et-seigneurs-en-donziais.fr\/index.php?rest_route=\/wp\/v2\/pages\/531\/revisions\/9444"}],"up":[{"embeddable":true,"href":"http:\/\/www.terres-et-seigneurs-en-donziais.fr\/index.php?rest_route=\/wp\/v2\/pages\/2889"}],"wp:featuredmedia":[{"embeddable":true,"href":"http:\/\/www.terres-et-seigneurs-en-donziais.fr\/index.php?rest_route=\/wp\/v2\/media\/880"}],"wp:attachment":[{"href":"http:\/\/www.terres-et-seigneurs-en-donziais.fr\/index.php?rest_route=%2Fwp%2Fv2%2Fmedia&parent=531"}],"curies":[{"name":"wp","href":"https:\/\/api.w.org\/{rel}","templated":true}]}}