{"id":4301,"date":"2016-10-05T16:07:40","date_gmt":"2016-10-05T15:07:40","guid":{"rendered":"http:\/\/www.terres-et-seigneurs-en-donziais.fr\/?page_id=4301"},"modified":"2019-05-02T16:49:10","modified_gmt":"2019-05-02T15:49:10","slug":"comte-de-sancerre","status":"publish","type":"page","link":"http:\/\/www.terres-et-seigneurs-en-donziais.fr\/?page_id=4301","title":{"rendered":"Comt\u00e9 de Sancerre"},"content":{"rendered":"<p style=\"text-align: justify;\"><span style=\"font-size: 16px;\">La colline de Sancerre, avec ses coteaux couverts de vigne, impose son charme unique dans le paysage du Val de Loire, face \u00e0 Pouilly et \u00e0 Cosne. Les deux rives de la Loire, bien que s\u00e9par\u00e9es historiquement entre Bourgogne et Berry, entre Donziais et Sancerrois, furent et sont toujours proches \u00e0 bien des \u00e9gards. De nombreux liens ont \u00e9t\u00e9 tiss\u00e9s au fil du temps, et bien des lign\u00e9es seigneuriales se sont alli\u00e9es des deux c\u00f4t\u00e9s du fleuve, comme en attestent plusieurs notices de notre site.<\/span><\/p>\n<p style=\"text-align: justify;\"><span style=\"font-size: 16px;\">Sancerre a \u00e9t\u00e9, d\u00e8s l&rsquo;origine, un vaste fief \u00e0 fort enjeu strat\u00e9gique. Ce territoire avait \u00e9t\u00e9 conquis par <strong><a href=\"https:\/\/fr.wikipedia.org\/wiki\/Thibaud_Ier_de_Blois\" target=\"_blank\" rel=\"noopener noreferrer\">Thibaut le Tricheur, comte de Blois<\/a><\/strong>, au X\u00e8me si\u00e8cle, et une branche de cette grande famille des <strong><a href=\"https:\/\/fr.wikipedia.org\/wiki\/Maison_de_Blois\" target=\"_blank\" rel=\"noopener noreferrer\">comtes de Blois et de Champagne<\/a><\/strong> l\u2019a contr\u00f4l\u00e9 pendant quatre si\u00e8cles. Elle s\u2019est illustr\u00e9e notamment par le Conn\u00e9table <strong><a href=\"https:\/\/fr.wikipedia.org\/wiki\/Louis_de_Sancerre\" target=\"_blank\" rel=\"noopener noreferrer\">Louis de Sancerre<\/a><\/strong>.<\/span><\/p>\n<p style=\"text-align: justify;\"><span style=\"font-size: 16px;\">Sancerre \u00e9tait devenu un \u00ab\u00a0comt\u00e9\u00a0\u00bb pour un cadet\u00a0: <strong><a href=\"https:\/\/fr.wikipedia.org\/wiki\/\u00c9tienne_Ier_de_Sancerre\" target=\"_blank\" rel=\"noopener noreferrer\">Etienne de Blois<\/a><\/strong> \u2013 qui avait \u00e9pous\u00e9 la fille de <strong><a href=\"http:\/\/www.terres-et-seigneurs-en-donziais.fr\/?page_id=527\" target=\"_blank\" rel=\"noopener noreferrer\">Geoffroy, baron de Donzy<\/a><\/strong> &#8211; au d\u00e9but du XII\u00e8me si\u00e8cle. Il passa par alliance aux <strong><a href=\"https:\/\/fr.wikipedia.org\/wiki\/Liste_des_dauphins_d%27Auvergne\" target=\"_blank\" rel=\"noopener noreferrer\">Dauphin d\u2019Auvergne<\/a><\/strong> au XIV\u00e8me, puis aux <strong><a href=\"http:\/\/racineshistoire.free.fr\/LGN\/PDF\/Bueil.pdf\" target=\"_blank\" rel=\"noopener noreferrer\">sires de Bueil<\/a><\/strong>, originaires de Touraine, qui le conserv\u00e8rent pendant deux cents ans. Les derniers comtes titulaires de Sancerre aux XVII\u00e8me et XVIII\u00e8me si\u00e8cle furent les Bourbon-Cond\u00e9, puisque Sancerre avait \u00e9t\u00e9 acquis par le p\u00e8re du <strong><a href=\"https:\/\/fr.wikipedia.org\/wiki\/Louis_II_de_Bourbon-Cond\u00e9\" target=\"_blank\" rel=\"noopener noreferrer\">Grand Cond\u00e9<\/a><\/strong>.<\/span><\/p>\n<p style=\"text-align: justify;\"><span style=\"font-size: 16px;\">La ville eut \u00e0 souffrir des Guerres de Religion, dans lesquelles elle fut lourdement impliqu\u00e9e, \u00e9tant devenue une irr\u00e9ductible place protestante. Elle fut m\u00eame assi\u00e9g\u00e9e et prise par les troupes royales en 1573, mais la religion r\u00e9form\u00e9e continua longtemps d\u2019y prosp\u00e9rer.<\/span><\/p>\n<p style=\"text-align: justify;\"><span style=\"font-size: 16px;\">Une v\u00e9ritable citadelle, avec un important ch\u00e2teau-fort et une vaste enceinte fortifi\u00e9e, avait \u00e9t\u00e9 b\u00e2tie par les comtes de Blois et constamment renforc\u00e9e. Sancerre \u00e9tait leur point d\u2019appui m\u00e9ridional, au contact du Berry et de la Bourgogne. La ville actuelle conserve des traces de ses anciennes fortifications, mais le ch\u00e2teau lui-m\u00eame \u2013 dont on ne poss\u00e8de pas de repr\u00e9sentation fiable &#8211; progressivement ruin\u00e9, a presque int\u00e9gralement disparu.<\/span><\/p>\n<p style=\"text-align: justify;\"><span style=\"color: #0000ff;\"><strong><em><span style=\"font-size: 16px;\">Voyez ci-dessous la notice cons\u00e9cr\u00e9e \u00e0 la succession des comtes de Sancerre du XII\u00e8me si\u00e8cle \u00e0 la R\u00e9volution :<\/span><\/em><\/strong><\/span><\/p>\n<p style=\"text-align: center;\"><a href=\"http:\/\/www.terres-et-seigneurs-en-donziais.fr\/wp-content\/uploads\/2019\/05\/Sancerre.pdf\" target=\"_blank\" rel=\"noopener noreferrer\"><span style=\"font-size: 18pt;\"><strong><em>Sancer<\/em><\/strong><em><strong>re<\/strong><\/em><\/span><\/a><em><span style=\"font-size: 18pt;\"><strong>\u00a0<\/strong> <\/span>(V2 du 2\/5\/19)<\/em><\/p>\n<p><a href=\"http:\/\/www.terres-et-seigneurs-en-donziais.fr\/wp-content\/uploads\/2015\/09\/D-enlumin\u00e9-e1443770692908.jpeg\"><img decoding=\"async\" loading=\"lazy\" class=\"alignnone size-full wp-image-1748\" src=\"http:\/\/www.terres-et-seigneurs-en-donziais.fr\/wp-content\/uploads\/2015\/09\/D-enlumin\u00e9-e1443770692908.jpeg\" alt=\"D enlumin\u00e9\" width=\"80\" height=\"80\" \/><\/a><\/p>\n","protected":false},"excerpt":{"rendered":"<p>La colline de Sancerre, avec ses coteaux couverts de vigne, impose son charme unique dans le paysage du Val de Loire, face \u00e0 Pouilly et \u00e0 Cosne. Les deux rives de la Loire, bien que s\u00e9par\u00e9es historiquement entre Bourgogne et Berry, entre Donziais et Sancerrois, furent et sont toujours proches \u00e0 bien des \u00e9gards. De &hellip; <a href=\"http:\/\/www.terres-et-seigneurs-en-donziais.fr\/?page_id=4301\" class=\"more-link\">Continuer la lecture de <span class=\"screen-reader-text\">Comt\u00e9 de Sancerre<\/span> <span class=\"meta-nav\">&rarr;<\/span><\/a><\/p>\n","protected":false},"author":1,"featured_media":4303,"parent":2889,"menu_order":8,"comment_status":"closed","ping_status":"closed","template":"","meta":[],"_links":{"self":[{"href":"http:\/\/www.terres-et-seigneurs-en-donziais.fr\/index.php?rest_route=\/wp\/v2\/pages\/4301"}],"collection":[{"href":"http:\/\/www.terres-et-seigneurs-en-donziais.fr\/index.php?rest_route=\/wp\/v2\/pages"}],"about":[{"href":"http:\/\/www.terres-et-seigneurs-en-donziais.fr\/index.php?rest_route=\/wp\/v2\/types\/page"}],"author":[{"embeddable":true,"href":"http:\/\/www.terres-et-seigneurs-en-donziais.fr\/index.php?rest_route=\/wp\/v2\/users\/1"}],"replies":[{"embeddable":true,"href":"http:\/\/www.terres-et-seigneurs-en-donziais.fr\/index.php?rest_route=%2Fwp%2Fv2%2Fcomments&post=4301"}],"version-history":[{"count":12,"href":"http:\/\/www.terres-et-seigneurs-en-donziais.fr\/index.php?rest_route=\/wp\/v2\/pages\/4301\/revisions"}],"predecessor-version":[{"id":6129,"href":"http:\/\/www.terres-et-seigneurs-en-donziais.fr\/index.php?rest_route=\/wp\/v2\/pages\/4301\/revisions\/6129"}],"up":[{"embeddable":true,"href":"http:\/\/www.terres-et-seigneurs-en-donziais.fr\/index.php?rest_route=\/wp\/v2\/pages\/2889"}],"wp:featuredmedia":[{"embeddable":true,"href":"http:\/\/www.terres-et-seigneurs-en-donziais.fr\/index.php?rest_route=\/wp\/v2\/media\/4303"}],"wp:attachment":[{"href":"http:\/\/www.terres-et-seigneurs-en-donziais.fr\/index.php?rest_route=%2Fwp%2Fv2%2Fmedia&parent=4301"}],"curies":[{"name":"wp","href":"https:\/\/api.w.org\/{rel}","templated":true}]}}