{"id":3094,"date":"2015-11-26T10:09:48","date_gmt":"2015-11-26T09:09:48","guid":{"rendered":"http:\/\/www.terres-et-seigneurs-en-donziais.fr\/?page_id=3094"},"modified":"2023-10-31T16:04:15","modified_gmt":"2023-10-31T15:04:15","slug":"chatellenie-de-chateauneuf-val-de-bargis","status":"publish","type":"page","link":"http:\/\/www.terres-et-seigneurs-en-donziais.fr\/?page_id=3094","title":{"rendered":"Ch\u00e2tellenie de Ch\u00e2teauneuf-Val-de-Bargis"},"content":{"rendered":"<p style=\"text-align: justify;\"><strong><em><span style=\"font-size: 16px;\">Chateauneuf a un statut particulier par rapport au Donziais.<\/span><\/em><\/strong><\/p>\n<p style=\"text-align: justify;\"><em><span style=\"font-size: 16px;\">Son territoire, appartenant \u00e0 l&rsquo;\u00e9v\u00e8ch\u00e9 d&rsquo;Auxerre, doit \u00eatre englob\u00e9 dans celui de la Baronnie fond\u00e9e par Hugues de Ch\u00e2lon. Pourtant Chateauneuf n&rsquo;est pas mentionn\u00e9 dans la liste des ch\u00e2tellenies qui composaient la baronnie \u00e0 l&rsquo;origine (Donzy, Cosne, Etais, Entrains, Corvol et Billy) ou dans celles qui lui furent adjointes au XIII\u00e8me si\u00e8cle (Druyes, Saint-Sauveur et Chatel-Censoir). C&rsquo;est que ce ch\u00e2teau fut quant \u00e0 lui inf\u00e9od\u00e9 au comte de Nevers, et constitua donc une enclave en Donziais. L&rsquo;\u00e9v\u00eaque s&rsquo;en \u00e9tait toutefois r\u00e9serv\u00e9 l&rsquo;acc\u00e8s, ce qui confirme qu&rsquo;il contr\u00f4lait cette petite r\u00e9gion.<\/span><\/em><\/p>\n<p style=\"text-align: justify;\"><em><span style=\"font-size: 16px;\">C&rsquo;est pourquoi nous l&rsquo;avons inscrite dans le p\u00e9rim\u00e8tre de nos travaux.<\/span><\/em><\/p>\n<p style=\"text-align: justify;\"><em><span style=\"font-size: 16px;\">_______________<\/span><\/em><\/p>\n<p><span style=\"color: #0000ff;\"><strong><span style=\"font-size: 18px;\">Ci-dessous la liste des fiefs \u00e9tudi\u00e9s, class\u00e9s par commune :<\/span><\/strong><\/span><\/p>\n<p><span style=\"font-size: 16px;\"><span style=\"color: #0000ff;\"><strong>&#8211; Arbouse<\/strong><\/span><\/span><\/p>\n<p><span style=\"font-size: 16px;\"><span style=\"color: #0000ff;\"><strong>\u00a0\u00a0 \u00a0* <em><a href=\"http:\/\/www.terres-et-seigneurs-en-donziais.fr\/?p=3134\">Arbouse (ou Rebourse)<\/a><\/em><\/strong><\/span><\/span><\/p>\n<p><span style=\"font-size: 16px;\"><span style=\"color: #0000ff;\"><strong>&#8211; Champlemy<\/strong><\/span><\/span><\/p>\n<p><span style=\"font-size: 16px;\"><span style=\"color: #0000ff;\"><strong>\u00a0\u00a0 \u00a0* <a href=\"http:\/\/www.terres-et-seigneurs-en-donziais.fr\/?p=3112\"><em>Champlemy<\/em><\/a><\/strong><\/span><\/span><\/p>\n<p><a href=\"http:\/\/www.terres-et-seigneurs-en-donziais.fr\/?p=8908\" target=\"_blank\" rel=\"noopener\"><strong><em> \u00a0 \u00a0* Les Couez<\/em><\/strong><\/a><\/p>\n<p><span style=\"font-size: 16px;\"><span style=\"color: #0000ff;\"><strong>&#8211; Chasnay<\/strong><\/span><\/span><\/p>\n<p><span style=\"font-size: 16px;\"><span style=\"color: #0000ff;\"><strong>\u00a0\u00a0 \u00a0* <em><a href=\"http:\/\/www.terres-et-seigneurs-en-donziais.fr\/?p=3120\">Chasnay<\/a><\/em><\/strong><\/span><\/span><\/p>\n<p><span style=\"font-size: 16px;\"><span style=\"color: #0000ff;\"><strong>\u00a0 \u00a0 * <em><a href=\"http:\/\/www.terres-et-seigneurs-en-donziais.fr\/?p=3120\">La Verni\u00e8re<\/a><\/em><\/strong><\/span><\/span><\/p>\n<p><span style=\"color: #0000ff;\"><strong><span style=\"font-size: 16px;\">&#8211; Chateauneuf :<\/span><\/strong><\/span><\/p>\n<p>*<a href=\"http:\/\/www.terres-et-seigneurs-en-donziais.fr\/?p=9007\" target=\"_blank\" rel=\"noopener noreferrer\"><strong><em> Crot-Ravard<\/em><\/strong><\/a><\/p>\n<p><a href=\"http:\/\/www.terres-et-seigneurs-en-donziais.fr\/?p=7145\" target=\"_blank\" rel=\"noopener noreferrer\"><strong><em>\u00a0 \u00a0 \u00a0* Estaules<\/em><\/strong><\/a><\/p>\n<p><span style=\"color: #0000ff;\"><em><span style=\"font-size: 16px;\"><strong>\u00a0 \u00a0 * <a href=\"http:\/\/www.terres-et-seigneurs-en-donziais.fr\/?p=3099\">Fonfaye<\/a><\/strong><\/span><\/em><\/span><\/p>\n<p>* <a href=\"http:\/\/www.terres-et-seigneurs-en-donziais.fr\/?p=7889\" target=\"_blank\" rel=\"noopener\"><em><strong>Le Pressour<\/strong><\/em><\/a><\/p>\n<p><span style=\"color: #0000ff;\"><span style=\"font-size: 16px;\"><strong>&#8211; Garchy :<\/strong><\/span><\/span><\/p>\n<p><span style=\"color: #0000ff;\"><span style=\"font-size: 16px;\"><strong>\u00a0 \u00a0 * <em><a href=\"http:\/\/www.terres-et-seigneurs-en-donziais.fr\/?p=5316\" target=\"_blank\" rel=\"noopener noreferrer\">Garchy<\/a><\/em><\/strong><\/span><\/span><\/p>\n<p><span style=\"color: #0000ff;\"><em><span style=\"font-size: 16px;\"><strong>\u00a0\u00a0 \u00a0* <a href=\"http:\/\/www.terres-et-seigneurs-en-donziais.fr\/?p=3223\">Boisrond<\/a><\/strong><\/span><\/em><\/span><\/p>\n<p><span style=\"color: #0000ff;\"><em><span style=\"font-size: 16px;\"><strong>\u00a0 \u00a0 * <a href=\"http:\/\/www.terres-et-seigneurs-en-donziais.fr\/?p=4072\">La Barre<\/a><\/strong><\/span><\/em><\/span><\/p>\n<p><span style=\"color: #0000ff;\"><span style=\"font-size: 16px;\"><strong>&#8211; Marcy<\/strong><\/span><\/span><\/p>\n<p><a href=\"http:\/\/www.terres-et-seigneurs-en-donziais.fr\/?p=5469\" target=\"_blank\" rel=\"noopener noreferrer\"><span style=\"color: #0000ff;\"><span style=\"font-size: 16px;\"><strong>\u00a0\u00a0 \u00a0<span style=\"color: #ff0000;\"><em>* Marcy<\/em><\/span><\/strong><\/span><\/span><\/a><\/p>\n<p><span style=\"color: #0000ff;\"><span style=\"font-size: 16px;\"><strong>&#8211; Nannay<\/strong><\/span><\/span><\/p>\n<p><a href=\"http:\/\/www.terres-et-seigneurs-en-donziais.fr\/?p=3836\"><span style=\"color: #0000ff;\"><span style=\"font-size: 16px;\"><strong>\u00a0\u00a0<span style=\"color: #ff0000;\"> \u00a0* <em>Pernay<\/em><\/span><\/strong><\/span><\/span><\/a><\/p>\n<p><span style=\"color: #0000ff;\"><strong><span style=\"font-size: 16px;\">&#8211; Vielmanay :<\/span><\/strong><\/span><\/p>\n<p><a href=\"http:\/\/www.terres-et-seigneurs-en-donziais.fr\/?p=6290\" target=\"_blank\" rel=\"noopener noreferrer\"><strong><em>\u00a0 \u00a0* Vielmanay (ou Mannay)<\/em><\/strong><\/a><\/p>\n<p><span style=\"color: #0000ff;\"><strong><span style=\"font-size: 16px;\">\u00a0\u00a0 \u00a0* <a href=\"http:\/\/www.terres-et-seigneurs-en-donziais.fr\/?p=245\"><em>Vieux-Moulin<\/em><\/a><\/span><\/strong><\/span><\/p>\n<p>&nbsp;<\/p>\n","protected":false},"excerpt":{"rendered":"<p>Chateauneuf a un statut particulier par rapport au Donziais. Son territoire, appartenant \u00e0 l&rsquo;\u00e9v\u00e8ch\u00e9 d&rsquo;Auxerre, doit \u00eatre englob\u00e9 dans celui de la Baronnie fond\u00e9e par Hugues de Ch\u00e2lon. Pourtant Chateauneuf n&rsquo;est pas mentionn\u00e9 dans la liste des ch\u00e2tellenies qui composaient la baronnie \u00e0 l&rsquo;origine (Donzy, Cosne, Etais, Entrains, Corvol et Billy) ou dans celles qui &hellip; <a href=\"http:\/\/www.terres-et-seigneurs-en-donziais.fr\/?page_id=3094\" class=\"more-link\">Continuer la lecture de <span class=\"screen-reader-text\">Ch\u00e2tellenie de Ch\u00e2teauneuf-Val-de-Bargis<\/span> <span class=\"meta-nav\">&rarr;<\/span><\/a><\/p>\n","protected":false},"author":1,"featured_media":0,"parent":1712,"menu_order":3,"comment_status":"closed","ping_status":"closed","template":"","meta":[],"_links":{"self":[{"href":"http:\/\/www.terres-et-seigneurs-en-donziais.fr\/index.php?rest_route=\/wp\/v2\/pages\/3094"}],"collection":[{"href":"http:\/\/www.terres-et-seigneurs-en-donziais.fr\/index.php?rest_route=\/wp\/v2\/pages"}],"about":[{"href":"http:\/\/www.terres-et-seigneurs-en-donziais.fr\/index.php?rest_route=\/wp\/v2\/types\/page"}],"author":[{"embeddable":true,"href":"http:\/\/www.terres-et-seigneurs-en-donziais.fr\/index.php?rest_route=\/wp\/v2\/users\/1"}],"replies":[{"embeddable":true,"href":"http:\/\/www.terres-et-seigneurs-en-donziais.fr\/index.php?rest_route=%2Fwp%2Fv2%2Fcomments&post=3094"}],"version-history":[{"count":22,"href":"http:\/\/www.terres-et-seigneurs-en-donziais.fr\/index.php?rest_route=\/wp\/v2\/pages\/3094\/revisions"}],"predecessor-version":[{"id":9019,"href":"http:\/\/www.terres-et-seigneurs-en-donziais.fr\/index.php?rest_route=\/wp\/v2\/pages\/3094\/revisions\/9019"}],"up":[{"embeddable":true,"href":"http:\/\/www.terres-et-seigneurs-en-donziais.fr\/index.php?rest_route=\/wp\/v2\/pages\/1712"}],"wp:attachment":[{"href":"http:\/\/www.terres-et-seigneurs-en-donziais.fr\/index.php?rest_route=%2Fwp%2Fv2%2Fmedia&parent=3094"}],"curies":[{"name":"wp","href":"https:\/\/api.w.org\/{rel}","templated":true}]}}