{"id":2803,"date":"2015-11-03T09:47:25","date_gmt":"2015-11-03T08:47:25","guid":{"rendered":"http:\/\/www.terres-et-seigneurs-en-donziais.fr\/?page_id=2803"},"modified":"2022-02-22T14:45:53","modified_gmt":"2022-02-22T13:45:53","slug":"carte","status":"publish","type":"page","link":"http:\/\/www.terres-et-seigneurs-en-donziais.fr\/","title":{"rendered":"ACCUEIL"},"content":{"rendered":"<p style=\"text-align: justify;\"><span style=\"color: #333333;\"><strong><span style=\"font-size: 18px;\">Bienvenue sur ce blog, ouvert en octobre 2015, o\u00f9 vous pourrez vous familiariser avec l&rsquo;histoire du Donziais et de ses\u00a0sites anciens\u00a0!\u00a0<\/span><\/strong><\/span><\/p>\n<p style=\"text-align: justify;\"><span style=\"color: #333333;\"><strong><span style=\"font-size: 18px;\">Donzy est une petite ville de la Ni\u00e8vre, qui fut jadis la capitale d&rsquo;une importante et ancienne baronnie, dont le territoire s&rsquo;\u00e9tendait sur le nord de la Ni\u00e8vre et le sud-ouest de l&rsquo;Yonne.<\/span><\/strong><\/span><\/p>\n<p style=\"text-align: justify;\"><span style=\"color: #333333;\"><strong><span style=\"font-size: 18px;\">Pour en savoir plus sur l&rsquo;organisation et le\u00a0contenu du site, voyez la page voisine \u00ab\u00a0<em>A propos du site<\/em>\u00ab\u00a0<\/span><\/strong><\/span><\/p>\n<p>___________<\/p>\n<p><span style=\"font-size: 12pt; color: #333333;\"><strong>J&rsquo;ai \u00e9labor\u00e9 une synth\u00e8se des recherches effectu\u00e9es pour documenter ce site. Elle propose un d\u00e9veloppement chronologique et des approches th\u00e9matiques, pour \u00e9clairer l\u2019histoire de la f\u00e9odalit\u00e9 en Donziais et sa singularit\u00e9, entre Auxerre et Nevers, en la reliant aux \u00e9tapes de la grande Histoire. Elle est maintenant disponible sous la forme d&rsquo;un livre\u00a0 <\/strong><em>(10 d\u00e9c 2021)<\/em><em>.<\/em><\/span><\/p>\n<p style=\"text-align: center;\"><a href=\"http:\/\/www.terres-et-seigneurs-en-donziais.fr\/wp-content\/uploads\/2021\/12\/41osbUP3kVL._SX348_BO1204203200_.jpg\"><img decoding=\"async\" loading=\"lazy\" class=\"alignnone size-medium wp-image-7600\" src=\"http:\/\/www.terres-et-seigneurs-en-donziais.fr\/wp-content\/uploads\/2021\/12\/41osbUP3kVL._SX348_BO1204203200_-210x300.jpg\" alt=\"\" width=\"210\" height=\"300\" \/><\/a><\/p>\n<p><strong><span style=\"color: #333333;\">Il est disponible dans une \u00e9dition broch\u00e9e (325 pp.), avec petites illustrations en couleur, appareil de notes et bibliographie, au prix de 20,99 \u20ac (+ port, livraison en quelques jours\u2026.)<\/span><\/strong><\/p>\n<p><strong><span style=\"color: #333333;\">Vous pouvez vous le procurer sur Amazon <\/span><\/strong><span style=\"color: #333333;\"><em>(livres, entr\u00e9e par le titre ou par l\u2019auteur) <\/em><strong>ou directement en cliquant sur le lien ci-dessous :\u00a0<\/strong><\/span><\/p>\n<p style=\"text-align: center;\"><a href=\"https:\/\/www.amazon.fr\/Terres-seigneurs-Donziais-baronnie-R\u00e9volution\/dp\/B09MYTNTPG\" target=\"_blank\" rel=\"noopener\"><span style=\"font-size: 14pt; color: #993300;\"><strong><em>\u00ab\u00a0TERRES ET SEIGNEURS EN DONZIAIS &#8211; La baronnie de Donzy, des origines \u00e0 la R\u00e9volution\u00a0\u00bb<\/em><\/strong><\/span><\/a><\/p>\n<p><strong><span style=\"color: #333333;\">Merci de votre attention, de votre soutien et \u2026bonne lecture\u00a0!<\/span><\/strong><\/p>\n<p style=\"text-align: right;\"><strong><span style=\"color: #2f4f4f;\"><span style=\"font-size: 18px;\">D. Chabrol<\/span><\/span><\/strong><\/p>\n<p><a href=\"http:\/\/www.terres-et-seigneurs-en-donziais.fr\/wp-content\/uploads\/2015\/09\/D-enlumin\u00e9-e1443770692908.jpeg\"><img decoding=\"async\" loading=\"lazy\" class=\"alignnone size-full wp-image-1748\" src=\"http:\/\/www.terres-et-seigneurs-en-donziais.fr\/wp-content\/uploads\/2015\/09\/D-enlumin\u00e9-e1443770692908.jpeg\" alt=\"\" width=\"80\" height=\"80\" \/><\/a><\/p>\n<p>&nbsp;<\/p>\n","protected":false},"excerpt":{"rendered":"<p>Bienvenue sur ce blog, ouvert en octobre 2015, o\u00f9 vous pourrez vous familiariser avec l&rsquo;histoire du Donziais et de ses\u00a0sites anciens\u00a0!\u00a0 Donzy est une petite ville de la Ni\u00e8vre, qui fut jadis la capitale d&rsquo;une importante et ancienne baronnie, dont le territoire s&rsquo;\u00e9tendait sur le nord de la Ni\u00e8vre et le sud-ouest de l&rsquo;Yonne. Pour &hellip; <a href=\"http:\/\/www.terres-et-seigneurs-en-donziais.fr\/\" class=\"more-link\">Continuer la lecture de <span class=\"screen-reader-text\">ACCUEIL<\/span> <span class=\"meta-nav\">&rarr;<\/span><\/a><\/p>\n","protected":false},"author":1,"featured_media":0,"parent":0,"menu_order":2,"comment_status":"closed","ping_status":"closed","template":"","meta":[],"_links":{"self":[{"href":"http:\/\/www.terres-et-seigneurs-en-donziais.fr\/index.php?rest_route=\/wp\/v2\/pages\/2803"}],"collection":[{"href":"http:\/\/www.terres-et-seigneurs-en-donziais.fr\/index.php?rest_route=\/wp\/v2\/pages"}],"about":[{"href":"http:\/\/www.terres-et-seigneurs-en-donziais.fr\/index.php?rest_route=\/wp\/v2\/types\/page"}],"author":[{"embeddable":true,"href":"http:\/\/www.terres-et-seigneurs-en-donziais.fr\/index.php?rest_route=\/wp\/v2\/users\/1"}],"replies":[{"embeddable":true,"href":"http:\/\/www.terres-et-seigneurs-en-donziais.fr\/index.php?rest_route=%2Fwp%2Fv2%2Fcomments&post=2803"}],"version-history":[{"count":25,"href":"http:\/\/www.terres-et-seigneurs-en-donziais.fr\/index.php?rest_route=\/wp\/v2\/pages\/2803\/revisions"}],"predecessor-version":[{"id":7977,"href":"http:\/\/www.terres-et-seigneurs-en-donziais.fr\/index.php?rest_route=\/wp\/v2\/pages\/2803\/revisions\/7977"}],"wp:attachment":[{"href":"http:\/\/www.terres-et-seigneurs-en-donziais.fr\/index.php?rest_route=%2Fwp%2Fv2%2Fmedia&parent=2803"}],"curies":[{"name":"wp","href":"https:\/\/api.w.org\/{rel}","templated":true}]}}